{"id":57,"date":"2022-05-23T13:20:10","date_gmt":"2022-05-23T13:20:10","guid":{"rendered":"http:\/\/hotel-naszdom.pl\/?page_id=57"},"modified":"2022-05-23T13:20:10","modified_gmt":"2022-05-23T13:20:10","slug":"o-nas-aparthotel","status":"publish","type":"page","link":"https:\/\/hotel-naszdom.pl\/index.php\/o-nas-aparthotel\/","title":{"rendered":"O nas &#8211; aparthotel"},"content":{"rendered":"\n<p>Witamy na naszym hotelowym blogu.<\/p>\n\n\n\n<p>Zapraszamy wszystkich go\u015bci bardzo serdecznie do pobytu w naszym hotelu. Baza noclegowa pomie\u015bci ponad 400 os\u00f3b, a liczne atrakcje umil\u0105 pobyt. Dysponujemy Medical Center z licznymi zabiegami leczniczymi oraz SPA.<\/p>\n\n\n\n<p>Do dyspozycji go\u015bci jest r\u00f3wnie\u017c p\u0142ywalnia z jacuzzi, basenem oraz saunarium. Zach\u0119camy do kontaktu i przyjazdy w pi\u0119kne strony wojew\u00f3dztwa \u015bwi\u0119tokrzyskiego.<\/p>\n\n\n\n<div class=\"wp-block-image\"><figure class=\"aligncenter size-full\"><img decoding=\"async\" src=\"https:\/\/hotel-naszdom.pl\/wp-content\/uploads\/2022\/05\/dla-rodziny-hotel.jpg\" alt=\"\" class=\"wp-image-59\"\/><\/figure><\/div>\n","protected":false},"excerpt":{"rendered":"<p>Witamy na naszym hotelowym blogu. Zapraszamy wszystkich go\u015bci bardzo serdecznie do pobytu w naszym hotelu. Baza noclegowa pomie\u015bci ponad 400 os\u00f3b, a liczne atrakcje umil\u0105 pobyt. Dysponujemy Medical Center z licznymi zabiegami leczniczymi oraz SPA. Do dyspozycji go\u015bci jest r\u00f3wnie\u017c p\u0142ywalnia z jacuzzi, basenem oraz saunarium. Zach\u0119camy do kontaktu i przyjazdy w pi\u0119kne strony wojew\u00f3dztwa [&hellip;]<\/p>\n","protected":false},"author":1,"featured_media":0,"parent":0,"menu_order":0,"comment_status":"closed","ping_status":"closed","template":"","meta":{"footnotes":""},"class_list":["post-57","page","type-page","status-publish","hentry"],"_links":{"self":[{"href":"https:\/\/hotel-naszdom.pl\/index.php\/wp-json\/wp\/v2\/pages\/57","targetHints":{"allow":["GET"]}}],"collection":[{"href":"https:\/\/hotel-naszdom.pl\/index.php\/wp-json\/wp\/v2\/pages"}],"about":[{"href":"https:\/\/hotel-naszdom.pl\/index.php\/wp-json\/wp\/v2\/types\/page"}],"author":[{"embeddable":true,"href":"https:\/\/hotel-naszdom.pl\/index.php\/wp-json\/wp\/v2\/users\/1"}],"replies":[{"embeddable":true,"href":"https:\/\/hotel-naszdom.pl\/index.php\/wp-json\/wp\/v2\/comments?post=57"}],"version-history":[{"count":0,"href":"https:\/\/hotel-naszdom.pl\/index.php\/wp-json\/wp\/v2\/pages\/57\/revisions"}],"wp:attachment":[{"href":"https:\/\/hotel-naszdom.pl\/index.php\/wp-json\/wp\/v2\/media?parent=57"}],"curies":[{"name":"wp","href":"https:\/\/api.w.org\/{rel}","templated":true}]}}